{"id":2764,"date":"2024-04-09T19:54:03","date_gmt":"2024-04-10T01:54:03","guid":{"rendered":"https:\/\/capoeiraparati.org\/?post_type=product&#038;p=2764"},"modified":"2025-01-23T11:36:55","modified_gmt":"2025-01-23T17:36:55","slug":"sesion-de-asesoria-online-historia-de-brasil-para-capoeiras","status":"publish","type":"product","link":"https:\/\/capoeiraparati.org\/en\/product\/sesion-de-asesoria-online-historia-de-brasil-para-capoeiras\/","title":{"rendered":"Sesi\u00f3n de Asesor\u00eda Online &#8211; Historia de Brasil para Capoeiras"},"content":{"rendered":"<h3>Sesi\u00f3n Individual de Asesor\u00eda Online para el curso de Historia de Brasil para Capoeiras<\/h3>\n<p>Potencia tu experiencia autodidacta con una sesi\u00f3n de asesor\u00eda personalizada en el momento que tu lo desees durante tu curso.<\/p>\n<p>En esta sesi\u00f3n de 1 hora, tendr\u00e1s la oportunidad de profundizar en el contenido, resolver dudas y fortalecer tu aprendizaje bajo la gu\u00eda de Professor Juanjo Tartaruga, creador del curso.<\/p>\n<p>Ideal para asegurar el m\u00e1ximo aprovechamiento del curso y prepararte para aplicar tus conocimientos en el mundo real.<\/p>\n<p>Invierte en tu \u00e9xito educativo con este apoyo directo y personalizado.<\/p>\n<p><strong>Observaciones:<\/strong><\/p>\n<p>La sesi\u00f3n se llevar\u00e1n a cabo por medio de alguna plataforma de comunicaci\u00f3n online tipo Zoom o Google Meet de acuerdo a la disponibilidad del Professor y el alumno.<\/p>","protected":false},"excerpt":{"rendered":"<p><strong>Asesor\u00eda en Historia de Brasil para Capoeiras<\/strong><\/p>\n<p>Aprovecha una sesi\u00f3n online de 1 hora con Professor Juanjo Tartaruga, creador del curso. Esta asesor\u00eda, te permitir\u00e1 explorar a fondo el contenido, resolver dudas y reforzar tu aprendizaje. Es la oportunidad perfecta para maximizar tu comprensi\u00f3n y aplicar los conocimientos adquiridos efectivamente.<\/p>","protected":false},"featured_media":2762,"comment_status":"open","ping_status":"closed","template":"","meta":{"nf_dc_page":"","ocean_post_layout":"","ocean_both_sidebars_style":"","ocean_both_sidebars_content_width":0,"ocean_both_sidebars_sidebars_width":0,"ocean_sidebar":"0","ocean_second_sidebar":"0","ocean_disable_margins":"enable","ocean_add_body_class":"","ocean_shortcode_before_top_bar":"","ocean_shortcode_after_top_bar":"","ocean_shortcode_before_header":"","ocean_shortcode_after_header":"","ocean_has_shortcode":"","ocean_shortcode_after_title":"","ocean_shortcode_before_footer_widgets":"","ocean_shortcode_after_footer_widgets":"","ocean_shortcode_before_footer_bottom":"","ocean_shortcode_after_footer_bottom":"","ocean_display_top_bar":"default","ocean_display_header":"default","ocean_header_style":"","ocean_center_header_left_menu":"0","ocean_custom_header_template":"0","ocean_custom_logo":0,"ocean_custom_retina_logo":0,"ocean_custom_logo_max_width":0,"ocean_custom_logo_tablet_max_width":0,"ocean_custom_logo_mobile_max_width":0,"ocean_custom_logo_max_height":0,"ocean_custom_logo_tablet_max_height":0,"ocean_custom_logo_mobile_max_height":0,"ocean_header_custom_menu":"0","ocean_menu_typo_font_family":"0","ocean_menu_typo_font_subset":"","ocean_menu_typo_font_size":0,"ocean_menu_typo_font_size_tablet":0,"ocean_menu_typo_font_size_mobile":0,"ocean_menu_typo_font_size_unit":"px","ocean_menu_typo_font_weight":"","ocean_menu_typo_font_weight_tablet":"","ocean_menu_typo_font_weight_mobile":"","ocean_menu_typo_transform":"","ocean_menu_typo_transform_tablet":"","ocean_menu_typo_transform_mobile":"","ocean_menu_typo_line_height":0,"ocean_menu_typo_line_height_tablet":0,"ocean_menu_typo_line_height_mobile":0,"ocean_menu_typo_line_height_unit":"","ocean_menu_typo_spacing":0,"ocean_menu_typo_spacing_tablet":0,"ocean_menu_typo_spacing_mobile":0,"ocean_menu_typo_spacing_unit":"","ocean_menu_link_color":"","ocean_menu_link_color_hover":"","ocean_menu_link_color_active":"","ocean_menu_link_background":"","ocean_menu_link_hover_background":"","ocean_menu_link_active_background":"","ocean_menu_social_links_bg":"","ocean_menu_social_hover_links_bg":"","ocean_menu_social_links_color":"","ocean_menu_social_hover_links_color":"","ocean_disable_title":"default","ocean_disable_heading":"default","ocean_post_title":"","ocean_post_subheading":"","ocean_post_title_style":"","ocean_post_title_background_color":"","ocean_post_title_background":0,"ocean_post_title_bg_image_position":"","ocean_post_title_bg_image_attachment":"","ocean_post_title_bg_image_repeat":"","ocean_post_title_bg_image_size":"","ocean_post_title_height":0,"ocean_post_title_bg_overlay":0.5,"ocean_post_title_bg_overlay_color":"","ocean_disable_breadcrumbs":"default","ocean_breadcrumbs_color":"","ocean_breadcrumbs_separator_color":"","ocean_breadcrumbs_links_color":"","ocean_breadcrumbs_links_hover_color":"","ocean_display_footer_widgets":"default","ocean_display_footer_bottom":"default","ocean_custom_footer_template":"0","_joinchat":[]},"product_brand":[],"product_cat":[79],"product_tag":[81],"class_list":{"0":"post-2764","1":"product","2":"type-product","3":"status-publish","4":"has-post-thumbnail","6":"product_cat-asesorias","7":"product_tag-asesoria-online","9":"entry","10":"has-media","12":"first","13":"instock","14":"featured","15":"virtual","16":"purchasable","17":"product-type-simple","18":"has-product-nav","19":"col","20":"span_1_of_3","21":"owp-content-center","22":"owp-thumbs-layout-horizontal","23":"owp-btn-normal","24":"owp-tabs-layout-horizontal","25":"has-no-thumbnails"},"_links":{"self":[{"href":"https:\/\/capoeiraparati.org\/en\/wp-json\/wp\/v2\/product\/2764","targetHints":{"allow":["GET"]}}],"collection":[{"href":"https:\/\/capoeiraparati.org\/en\/wp-json\/wp\/v2\/product"}],"about":[{"href":"https:\/\/capoeiraparati.org\/en\/wp-json\/wp\/v2\/types\/product"}],"replies":[{"embeddable":true,"href":"https:\/\/capoeiraparati.org\/en\/wp-json\/wp\/v2\/comments?post=2764"}],"wp:featuredmedia":[{"embeddable":true,"href":"https:\/\/capoeiraparati.org\/en\/wp-json\/wp\/v2\/media\/2762"}],"wp:attachment":[{"href":"https:\/\/capoeiraparati.org\/en\/wp-json\/wp\/v2\/media?parent=2764"}],"wp:term":[{"taxonomy":"product_brand","embeddable":true,"href":"https:\/\/capoeiraparati.org\/en\/wp-json\/wp\/v2\/product_brand?post=2764"},{"taxonomy":"product_cat","embeddable":true,"href":"https:\/\/capoeiraparati.org\/en\/wp-json\/wp\/v2\/product_cat?post=2764"},{"taxonomy":"product_tag","embeddable":true,"href":"https:\/\/capoeiraparati.org\/en\/wp-json\/wp\/v2\/product_tag?post=2764"}],"curies":[{"name":"wp","href":"https:\/\/api.w.org\/{rel}","templated":true}]}}